{"id":946,"date":"2024-07-24T13:46:54","date_gmt":"2024-07-24T19:46:54","guid":{"rendered":"https:\/\/gled.reburujado.rocks\/?page_id=946"},"modified":"2025-02-14T18:56:46","modified_gmt":"2025-02-15T00:56:46","slug":"upper-working-experiences","status":"publish","type":"page","link":"https:\/\/gledcorp.com\/mx\/upper-working-experiences\/","title":{"rendered":"Upper | Working Experiences"},"content":{"rendered":"\t\t<div data-elementor-type=\"wp-page\" data-elementor-id=\"946\" class=\"elementor elementor-946\">\n\t\t\t\t<div class=\"elementor-element elementor-element-2b432770 e-con-full elementor-hidden-mobile e-flex elementor-invisible e-con e-parent\" data-id=\"2b432770\" data-element_type=\"container\" data-e-type=\"container\" data-settings=\"{&quot;background_background&quot;:&quot;classic&quot;,&quot;animation&quot;:&quot;fadeInDown&quot;}\">\n\t\t\t\t<div class=\"elementor-element elementor-element-6143aa30 elementor-widget elementor-widget-heading\" data-id=\"6143aa30\" data-element_type=\"widget\" data-e-type=\"widget\" data-widget_type=\"heading.default\">\n\t\t\t\t<div class=\"elementor-widget-container\">\n\t\t\t\t\t<h2 class=\"elementor-heading-title elementor-size-default\">VIVE, VIAJA Y TRABAJA EN EL EXTRANJERO<\/h2>\t\t\t\t<\/div>\n\t\t\t\t<\/div>\n\t\t\t\t<div class=\"elementor-element elementor-element-60b2daac elementor-widget elementor-widget-heading\" data-id=\"60b2daac\" data-element_type=\"widget\" data-e-type=\"widget\" data-widget_type=\"heading.default\">\n\t\t\t\t<div class=\"elementor-widget-container\">\n\t\t\t\t\t<h2 class=\"elementor-heading-title elementor-size-default\">Comienza el resto de tu vida.<\/h2>\t\t\t\t<\/div>\n\t\t\t\t<\/div>\n\t\t\t\t<\/div>\n\t\t<div class=\"elementor-element elementor-element-29bdaf1 e-con-full elementor-hidden-desktop elementor-hidden-tablet e-flex elementor-invisible e-con e-parent\" data-id=\"29bdaf1\" data-element_type=\"container\" data-e-type=\"container\" data-settings=\"{&quot;background_background&quot;:&quot;classic&quot;,&quot;animation&quot;:&quot;fadeInDown&quot;}\">\n\t\t\t\t<div class=\"elementor-element elementor-element-74ffb1c elementor-widget elementor-widget-heading\" data-id=\"74ffb1c\" data-element_type=\"widget\" data-e-type=\"widget\" data-widget_type=\"heading.default\">\n\t\t\t\t<div class=\"elementor-widget-container\">\n\t\t\t\t\t<h2 class=\"elementor-heading-title elementor-size-default\">VIVE, VIAJA Y TRABAJA EN EL EXTRANJERO<\/h2>\t\t\t\t<\/div>\n\t\t\t\t<\/div>\n\t\t\t\t<div class=\"elementor-element elementor-element-a71197f elementor-widget elementor-widget-heading\" data-id=\"a71197f\" data-element_type=\"widget\" data-e-type=\"widget\" data-widget_type=\"heading.default\">\n\t\t\t\t<div class=\"elementor-widget-container\">\n\t\t\t\t\t<h2 class=\"elementor-heading-title elementor-size-default\">Comienza el resto de tu vida.<\/h2>\t\t\t\t<\/div>\n\t\t\t\t<\/div>\n\t\t\t\t<\/div>\n\t\t<div class=\"elementor-element elementor-element-7df680b e-flex e-con-boxed elementor-invisible e-con e-parent\" data-id=\"7df680b\" data-element_type=\"container\" data-e-type=\"container\" data-settings=\"{&quot;animation&quot;:&quot;fadeInLeft&quot;}\">\n\t\t\t\t\t<div class=\"e-con-inner\">\n\t\t\t\t<div class=\"elementor-element elementor-element-6c84c6f7 elementor-widget elementor-widget-heading\" data-id=\"6c84c6f7\" data-element_type=\"widget\" data-e-type=\"widget\" data-widget_type=\"heading.default\">\n\t\t\t\t<div class=\"elementor-widget-container\">\n\t\t\t\t\t<h2 class=\"elementor-heading-title elementor-size-default\">Ser Au Pair es llegar m\u00e1s alto<\/h2>\t\t\t\t<\/div>\n\t\t\t\t<\/div>\n\t\t\t\t<div class=\"elementor-element elementor-element-30ab8bd elementor-widget elementor-widget-heading\" data-id=\"30ab8bd\" data-element_type=\"widget\" data-e-type=\"widget\" data-widget_type=\"heading.default\">\n\t\t\t\t<div class=\"elementor-widget-container\">\n\t\t\t\t\t<h2 class=\"elementor-heading-title elementor-size-default\">Vive un intercambio cultural en otro pa\u00eds, viajando, estudiando y trabajando.<\/h2>\t\t\t\t<\/div>\n\t\t\t\t<\/div>\n\t\t\t\t\t<\/div>\n\t\t\t\t<\/div>\n\t\t<div class=\"elementor-element elementor-element-b376285 e-con-full e-flex e-con e-parent\" data-id=\"b376285\" data-element_type=\"container\" data-e-type=\"container\">\n\t\t<div class=\"elementor-element elementor-element-66065e6 e-con-full e-flex elementor-invisible e-con e-child\" data-id=\"66065e6\" data-element_type=\"container\" data-e-type=\"container\" data-settings=\"{&quot;animation&quot;:&quot;zoomIn&quot;}\">\n\t\t\t\t<div class=\"elementor-element elementor-element-0f9bbc5 elementor-widget elementor-widget-image\" data-id=\"0f9bbc5\" data-element_type=\"widget\" data-e-type=\"widget\" data-widget_type=\"image.default\">\n\t\t\t\t<div class=\"elementor-widget-container\">\n\t\t\t\t\t\t\t\t\t\t\t\t\t\t\t\t<a href=\"https:\/\/gledcorp.com\/mx\/upper-au-pair-nineras-en-el-extranjero\/\">\n\t\t\t\t\t\t\t<img fetchpriority=\"high\" decoding=\"async\" width=\"1024\" height=\"683\" src=\"https:\/\/gledcorp.com\/mx\/wp-content\/uploads\/sites\/2\/2025\/02\/banners_aupair-2-1024x683.jpg\" class=\"attachment-large size-large wp-image-6253\" alt=\"\" srcset=\"https:\/\/gledcorp.com\/mx\/wp-content\/uploads\/sites\/2\/2025\/02\/banners_aupair-2-1024x683.jpg 1024w, https:\/\/gledcorp.com\/mx\/wp-content\/uploads\/sites\/2\/2025\/02\/banners_aupair-2-300x200.jpg 300w, https:\/\/gledcorp.com\/mx\/wp-content\/uploads\/sites\/2\/2025\/02\/banners_aupair-2-768x512.jpg 768w, https:\/\/gledcorp.com\/mx\/wp-content\/uploads\/sites\/2\/2025\/02\/banners_aupair-2-1536x1024.jpg 1536w, https:\/\/gledcorp.com\/mx\/wp-content\/uploads\/sites\/2\/2025\/02\/banners_aupair-2-2048x1366.jpg 2048w, https:\/\/gledcorp.com\/mx\/wp-content\/uploads\/sites\/2\/2025\/02\/banners_aupair-2-600x400.jpg 600w, https:\/\/gledcorp.com\/mx\/wp-content\/uploads\/sites\/2\/2025\/02\/banners_aupair-2-1140x760.jpg 1140w, https:\/\/gledcorp.com\/mx\/wp-content\/uploads\/sites\/2\/2025\/02\/banners_aupair-2-848x565.jpg 848w\" sizes=\"(max-width: 1024px) 100vw, 1024px\" \/>\t\t\t\t\t\t\t\t<\/a>\n\t\t\t\t\t\t\t\t\t\t\t\t\t\t\t<\/div>\n\t\t\t\t<\/div>\n\t\t\t\t<div class=\"elementor-element elementor-element-c71c456 elementor-align-center elementor-widget elementor-widget-button\" data-id=\"c71c456\" data-element_type=\"widget\" data-e-type=\"widget\" data-widget_type=\"button.default\">\n\t\t\t\t<div class=\"elementor-widget-container\">\n\t\t\t\t\t\t\t\t\t<div class=\"elementor-button-wrapper\">\n\t\t\t\t\t<a class=\"elementor-button elementor-button-link elementor-size-sm\" href=\"https:\/\/gledcorp.com\/mx\/upper-au-pair-nineras-en-el-extranjero\/\">\n\t\t\t\t\t\t<span class=\"elementor-button-content-wrapper\">\n\t\t\t\t\t\t<span class=\"elementor-button-icon\">\n\t\t\t\t<svg aria-hidden=\"true\" class=\"e-font-icon-svg e-fas-hand-point-right\" viewBox=\"0 0 512 512\" xmlns=\"http:\/\/www.w3.org\/2000\/svg\"><path d=\"M512 199.652c0 23.625-20.65 43.826-44.8 43.826h-99.851c16.34 17.048 18.346 49.766-6.299 70.944 14.288 22.829 2.147 53.017-16.45 62.315C353.574 425.878 322.654 448 272 448c-2.746 0-13.276-.203-16-.195-61.971.168-76.894-31.065-123.731-38.315C120.596 407.683 112 397.599 112 385.786V214.261l.002-.001c.011-18.366 10.607-35.889 28.464-43.845 28.886-12.994 95.413-49.038 107.534-77.323 7.797-18.194 21.384-29.084 40-29.092 34.222-.014 57.752 35.098 44.119 66.908-3.583 8.359-8.312 16.67-14.153 24.918H467.2c23.45 0 44.8 20.543 44.8 43.826zM96 200v192c0 13.255-10.745 24-24 24H24c-13.255 0-24-10.745-24-24V200c0-13.255 10.745-24 24-24h48c13.255 0 24 10.745 24 24zM68 368c0-11.046-8.954-20-20-20s-20 8.954-20 20 8.954 20 20 20 20-8.954 20-20z\"><\/path><\/svg>\t\t\t<\/span>\n\t\t\t\t\t\t\t\t\t<span class=\"elementor-button-text\">M\u00e1s Info<\/span>\n\t\t\t\t\t<\/span>\n\t\t\t\t\t<\/a>\n\t\t\t\t<\/div>\n\t\t\t\t\t\t\t\t<\/div>\n\t\t\t\t<\/div>\n\t\t\t\t<\/div>\n\t\t<div class=\"elementor-element elementor-element-6db7477 e-con-full e-flex elementor-invisible e-con e-child\" data-id=\"6db7477\" data-element_type=\"container\" data-e-type=\"container\" data-settings=\"{&quot;animation&quot;:&quot;zoomIn&quot;}\">\n\t\t\t\t<div class=\"elementor-element elementor-element-4c27715 elementor-widget elementor-widget-image\" data-id=\"4c27715\" data-element_type=\"widget\" data-e-type=\"widget\" data-widget_type=\"image.default\">\n\t\t\t\t<div class=\"elementor-widget-container\">\n\t\t\t\t\t\t\t\t\t\t\t\t\t\t\t\t<a href=\"https:\/\/gledcorp.com\/mx\/upper-internships\/\">\n\t\t\t\t\t\t\t<img decoding=\"async\" width=\"1024\" height=\"683\" src=\"https:\/\/gledcorp.com\/mx\/wp-content\/uploads\/sites\/2\/2025\/02\/banners_internships-1024x683.jpg\" class=\"attachment-large size-large wp-image-6254\" alt=\"\" srcset=\"https:\/\/gledcorp.com\/mx\/wp-content\/uploads\/sites\/2\/2025\/02\/banners_internships-1024x683.jpg 1024w, https:\/\/gledcorp.com\/mx\/wp-content\/uploads\/sites\/2\/2025\/02\/banners_internships-300x200.jpg 300w, https:\/\/gledcorp.com\/mx\/wp-content\/uploads\/sites\/2\/2025\/02\/banners_internships-768x512.jpg 768w, https:\/\/gledcorp.com\/mx\/wp-content\/uploads\/sites\/2\/2025\/02\/banners_internships-1536x1024.jpg 1536w, https:\/\/gledcorp.com\/mx\/wp-content\/uploads\/sites\/2\/2025\/02\/banners_internships-2048x1366.jpg 2048w, https:\/\/gledcorp.com\/mx\/wp-content\/uploads\/sites\/2\/2025\/02\/banners_internships-600x400.jpg 600w, https:\/\/gledcorp.com\/mx\/wp-content\/uploads\/sites\/2\/2025\/02\/banners_internships-1140x760.jpg 1140w, https:\/\/gledcorp.com\/mx\/wp-content\/uploads\/sites\/2\/2025\/02\/banners_internships-848x565.jpg 848w\" sizes=\"(max-width: 1024px) 100vw, 1024px\" \/>\t\t\t\t\t\t\t\t<\/a>\n\t\t\t\t\t\t\t\t\t\t\t\t\t\t\t<\/div>\n\t\t\t\t<\/div>\n\t\t\t\t<div class=\"elementor-element elementor-element-ff7f44d elementor-align-center elementor-widget elementor-widget-button\" data-id=\"ff7f44d\" data-element_type=\"widget\" data-e-type=\"widget\" data-widget_type=\"button.default\">\n\t\t\t\t<div class=\"elementor-widget-container\">\n\t\t\t\t\t\t\t\t\t<div class=\"elementor-button-wrapper\">\n\t\t\t\t\t<a class=\"elementor-button elementor-button-link elementor-size-sm\" href=\"https:\/\/gledcorp.com\/mx\/upper-internships\/\">\n\t\t\t\t\t\t<span class=\"elementor-button-content-wrapper\">\n\t\t\t\t\t\t<span class=\"elementor-button-icon\">\n\t\t\t\t<svg aria-hidden=\"true\" class=\"e-font-icon-svg e-fas-hand-point-right\" viewBox=\"0 0 512 512\" xmlns=\"http:\/\/www.w3.org\/2000\/svg\"><path d=\"M512 199.652c0 23.625-20.65 43.826-44.8 43.826h-99.851c16.34 17.048 18.346 49.766-6.299 70.944 14.288 22.829 2.147 53.017-16.45 62.315C353.574 425.878 322.654 448 272 448c-2.746 0-13.276-.203-16-.195-61.971.168-76.894-31.065-123.731-38.315C120.596 407.683 112 397.599 112 385.786V214.261l.002-.001c.011-18.366 10.607-35.889 28.464-43.845 28.886-12.994 95.413-49.038 107.534-77.323 7.797-18.194 21.384-29.084 40-29.092 34.222-.014 57.752 35.098 44.119 66.908-3.583 8.359-8.312 16.67-14.153 24.918H467.2c23.45 0 44.8 20.543 44.8 43.826zM96 200v192c0 13.255-10.745 24-24 24H24c-13.255 0-24-10.745-24-24V200c0-13.255 10.745-24 24-24h48c13.255 0 24 10.745 24 24zM68 368c0-11.046-8.954-20-20-20s-20 8.954-20 20 8.954 20 20 20 20-8.954 20-20z\"><\/path><\/svg>\t\t\t<\/span>\n\t\t\t\t\t\t\t\t\t<span class=\"elementor-button-text\">M\u00e1s Info<\/span>\n\t\t\t\t\t<\/span>\n\t\t\t\t\t<\/a>\n\t\t\t\t<\/div>\n\t\t\t\t\t\t\t\t<\/div>\n\t\t\t\t<\/div>\n\t\t\t\t<\/div>\n\t\t<div class=\"elementor-element elementor-element-e644b1d e-con-full e-flex elementor-invisible e-con e-child\" data-id=\"e644b1d\" data-element_type=\"container\" data-e-type=\"container\" data-settings=\"{&quot;animation&quot;:&quot;zoomIn&quot;}\">\n\t\t\t\t<div class=\"elementor-element elementor-element-e2eaa33 elementor-widget elementor-widget-image\" data-id=\"e2eaa33\" data-element_type=\"widget\" data-e-type=\"widget\" data-widget_type=\"image.default\">\n\t\t\t\t<div class=\"elementor-widget-container\">\n\t\t\t\t\t\t\t\t\t\t\t\t\t\t\t\t<a href=\"https:\/\/gledcorp.com\/mx\/upper-voluntariados\/\">\n\t\t\t\t\t\t\t<img decoding=\"async\" width=\"1024\" height=\"683\" src=\"https:\/\/gledcorp.com\/mx\/wp-content\/uploads\/sites\/2\/2025\/02\/banners_voluntariados-1024x683.jpg\" class=\"attachment-large size-large wp-image-6259\" alt=\"\" srcset=\"https:\/\/gledcorp.com\/mx\/wp-content\/uploads\/sites\/2\/2025\/02\/banners_voluntariados-1024x683.jpg 1024w, https:\/\/gledcorp.com\/mx\/wp-content\/uploads\/sites\/2\/2025\/02\/banners_voluntariados-300x200.jpg 300w, https:\/\/gledcorp.com\/mx\/wp-content\/uploads\/sites\/2\/2025\/02\/banners_voluntariados-768x512.jpg 768w, https:\/\/gledcorp.com\/mx\/wp-content\/uploads\/sites\/2\/2025\/02\/banners_voluntariados-1536x1024.jpg 1536w, https:\/\/gledcorp.com\/mx\/wp-content\/uploads\/sites\/2\/2025\/02\/banners_voluntariados-2048x1366.jpg 2048w, https:\/\/gledcorp.com\/mx\/wp-content\/uploads\/sites\/2\/2025\/02\/banners_voluntariados-600x400.jpg 600w, https:\/\/gledcorp.com\/mx\/wp-content\/uploads\/sites\/2\/2025\/02\/banners_voluntariados-1140x760.jpg 1140w, https:\/\/gledcorp.com\/mx\/wp-content\/uploads\/sites\/2\/2025\/02\/banners_voluntariados-848x565.jpg 848w\" sizes=\"(max-width: 1024px) 100vw, 1024px\" \/>\t\t\t\t\t\t\t\t<\/a>\n\t\t\t\t\t\t\t\t\t\t\t\t\t\t\t<\/div>\n\t\t\t\t<\/div>\n\t\t\t\t<div class=\"elementor-element elementor-element-339e228 elementor-align-center elementor-widget elementor-widget-button\" data-id=\"339e228\" data-element_type=\"widget\" data-e-type=\"widget\" data-widget_type=\"button.default\">\n\t\t\t\t<div class=\"elementor-widget-container\">\n\t\t\t\t\t\t\t\t\t<div class=\"elementor-button-wrapper\">\n\t\t\t\t\t<a class=\"elementor-button elementor-button-link elementor-size-sm\" href=\"https:\/\/gledcorp.com\/mx\/upper-voluntariados\/\">\n\t\t\t\t\t\t<span class=\"elementor-button-content-wrapper\">\n\t\t\t\t\t\t<span class=\"elementor-button-icon\">\n\t\t\t\t<svg aria-hidden=\"true\" class=\"e-font-icon-svg e-fas-hand-point-right\" viewBox=\"0 0 512 512\" xmlns=\"http:\/\/www.w3.org\/2000\/svg\"><path d=\"M512 199.652c0 23.625-20.65 43.826-44.8 43.826h-99.851c16.34 17.048 18.346 49.766-6.299 70.944 14.288 22.829 2.147 53.017-16.45 62.315C353.574 425.878 322.654 448 272 448c-2.746 0-13.276-.203-16-.195-61.971.168-76.894-31.065-123.731-38.315C120.596 407.683 112 397.599 112 385.786V214.261l.002-.001c.011-18.366 10.607-35.889 28.464-43.845 28.886-12.994 95.413-49.038 107.534-77.323 7.797-18.194 21.384-29.084 40-29.092 34.222-.014 57.752 35.098 44.119 66.908-3.583 8.359-8.312 16.67-14.153 24.918H467.2c23.45 0 44.8 20.543 44.8 43.826zM96 200v192c0 13.255-10.745 24-24 24H24c-13.255 0-24-10.745-24-24V200c0-13.255 10.745-24 24-24h48c13.255 0 24 10.745 24 24zM68 368c0-11.046-8.954-20-20-20s-20 8.954-20 20 8.954 20 20 20 20-8.954 20-20z\"><\/path><\/svg>\t\t\t<\/span>\n\t\t\t\t\t\t\t\t\t<span class=\"elementor-button-text\">M\u00e1s Info<\/span>\n\t\t\t\t\t<\/span>\n\t\t\t\t\t<\/a>\n\t\t\t\t<\/div>\n\t\t\t\t\t\t\t\t<\/div>\n\t\t\t\t<\/div>\n\t\t\t\t<\/div>\n\t\t\t\t<\/div>\n\t\t<div class=\"elementor-element elementor-element-6848117f e-flex e-con-boxed elementor-invisible e-con e-parent\" data-id=\"6848117f\" data-element_type=\"container\" data-e-type=\"container\" data-settings=\"{&quot;background_background&quot;:&quot;gradient&quot;,&quot;animation&quot;:&quot;fadeInLeft&quot;}\">\n\t\t\t\t\t<div class=\"e-con-inner\">\n\t\t\t\t<div class=\"elementor-element elementor-element-7c0314f1 elementor-widget elementor-widget-heading\" data-id=\"7c0314f1\" data-element_type=\"widget\" data-e-type=\"widget\" data-widget_type=\"heading.default\">\n\t\t\t\t<div class=\"elementor-widget-container\">\n\t\t\t\t\t<h2 class=\"elementor-heading-title elementor-size-default\">S\u00c9 UPPER<\/h2>\t\t\t\t<\/div>\n\t\t\t\t<\/div>\n\t\t\t\t<div class=\"elementor-element elementor-element-58d0c537 elementor-widget elementor-widget-video\" data-id=\"58d0c537\" data-element_type=\"widget\" data-e-type=\"widget\" data-settings=\"{&quot;youtube_url&quot;:&quot;https:\\\/\\\/www.youtube.com\\\/watch?v=0PHKIU0maEY&quot;,&quot;video_type&quot;:&quot;youtube&quot;,&quot;controls&quot;:&quot;yes&quot;}\" data-widget_type=\"video.default\">\n\t\t\t\t<div class=\"elementor-widget-container\">\n\t\t\t\t\t\t\t<div class=\"elementor-wrapper elementor-open-inline\">\n\t\t\t<div class=\"elementor-video\"><\/div>\t\t<\/div>\n\t\t\t\t\t\t<\/div>\n\t\t\t\t<\/div>\n\t\t\t\t\t<\/div>\n\t\t\t\t<\/div>\n\t\t<div class=\"elementor-element elementor-element-e8f7f6c e-con-full e-flex elementor-invisible e-con e-parent\" data-id=\"e8f7f6c\" data-element_type=\"container\" data-e-type=\"container\" data-settings=\"{&quot;animation&quot;:&quot;fadeIn&quot;}\">\n\t\t\t\t<div class=\"elementor-element elementor-element-0547caf elementor-align-center elementor-widget elementor-widget-button\" data-id=\"0547caf\" data-element_type=\"widget\" data-e-type=\"widget\" data-widget_type=\"button.default\">\n\t\t\t\t<div class=\"elementor-widget-container\">\n\t\t\t\t\t\t\t\t\t<div class=\"elementor-button-wrapper\">\n\t\t\t\t\t<a class=\"elementor-button elementor-button-link elementor-size-sm\" href=\"https:\/\/wa.link\/unglkx\">\n\t\t\t\t\t\t<span class=\"elementor-button-content-wrapper\">\n\t\t\t\t\t\t<span class=\"elementor-button-icon\">\n\t\t\t\t<svg aria-hidden=\"true\" class=\"e-font-icon-svg e-fab-whatsapp\" viewBox=\"0 0 448 512\" xmlns=\"http:\/\/www.w3.org\/2000\/svg\"><path d=\"M380.9 97.1C339 55.1 283.2 32 223.9 32c-122.4 0-222 99.6-222 222 0 39.1 10.2 77.3 29.6 111L0 480l117.7-30.9c32.4 17.7 68.9 27 106.1 27h.1c122.3 0 224.1-99.6 224.1-222 0-59.3-25.2-115-67.1-157zm-157 341.6c-33.2 0-65.7-8.9-94-25.7l-6.7-4-69.8 18.3L72 359.2l-4.4-7c-18.5-29.4-28.2-63.3-28.2-98.2 0-101.7 82.8-184.5 184.6-184.5 49.3 0 95.6 19.2 130.4 54.1 34.8 34.9 56.2 81.2 56.1 130.5 0 101.8-84.9 184.6-186.6 184.6zm101.2-138.2c-5.5-2.8-32.8-16.2-37.9-18-5.1-1.9-8.8-2.8-12.5 2.8-3.7 5.6-14.3 18-17.6 21.8-3.2 3.7-6.5 4.2-12 1.4-32.6-16.3-54-29.1-75.5-66-5.7-9.8 5.7-9.1 16.3-30.3 1.8-3.7.9-6.9-.5-9.7-1.4-2.8-12.5-30.1-17.1-41.2-4.5-10.8-9.1-9.3-12.5-9.5-3.2-.2-6.9-.2-10.6-.2-3.7 0-9.7 1.4-14.8 6.9-5.1 5.6-19.4 19-19.4 46.3 0 27.3 19.9 53.7 22.6 57.4 2.8 3.7 39.1 59.7 94.8 83.8 35.2 15.2 49 16.5 66.6 13.9 10.7-1.6 32.8-13.4 37.4-26.4 4.6-13 4.6-24.1 3.2-26.4-1.3-2.5-5-3.9-10.5-6.6z\"><\/path><\/svg>\t\t\t<\/span>\n\t\t\t\t\t\t\t\t\t<span class=\"elementor-button-text\">\u00a1Env\u00edanos WhatsApp y te asesoramos aqu\u00ed!<\/span>\n\t\t\t\t\t<\/span>\n\t\t\t\t\t<\/a>\n\t\t\t\t<\/div>\n\t\t\t\t\t\t\t\t<\/div>\n\t\t\t\t<\/div>\n\t\t\t\t<\/div>\n\t\t<div class=\"elementor-element elementor-element-215622e2 e-flex e-con-boxed e-con e-parent\" data-id=\"215622e2\" data-element_type=\"container\" data-e-type=\"container\" data-settings=\"{&quot;background_background&quot;:&quot;gradient&quot;}\">\n\t\t\t\t\t<div class=\"e-con-inner\">\n\t\t\t\t<div class=\"elementor-element elementor-element-5346c317 elementor-widget elementor-widget-heading\" data-id=\"5346c317\" data-element_type=\"widget\" data-e-type=\"widget\" data-widget_type=\"heading.default\">\n\t\t\t\t<div class=\"elementor-widget-container\">\n\t\t\t\t\t<h2 class=\"elementor-heading-title elementor-size-default\">\u00bfNECESITAS FINANCIAMIENTO?<\/h2>\t\t\t\t<\/div>\n\t\t\t\t<\/div>\n\t\t<div class=\"elementor-element elementor-element-15048aad e-grid e-con-full e-con e-child\" data-id=\"15048aad\" data-element_type=\"container\" data-e-type=\"container\">\n\t\t\t\t<div class=\"elementor-element elementor-element-546cf3d elementor-widget elementor-widget-heading\" data-id=\"546cf3d\" data-element_type=\"widget\" data-e-type=\"widget\" data-widget_type=\"heading.default\">\n\t\t\t\t<div class=\"elementor-widget-container\">\n\t\t\t\t\t<h2 class=\"elementor-heading-title elementor-size-default\">Pregunta por nuestros planes.<\/h2>\t\t\t\t<\/div>\n\t\t\t\t<\/div>\n\t\t\t\t<\/div>\n\t\t\t\t\t<\/div>\n\t\t\t\t<\/div>\n\t\t\t\t<\/div>\n\t\t","protected":false},"excerpt":{"rendered":"<p>VIVE, VIAJA Y TRABAJA EN EL EXTRANJERO Comienza el resto de tu vida. VIVE, VIAJA Y TRABAJA EN EL EXTRANJERO Comienza el resto de tu vida. Ser Au Pair es llegar m\u00e1s alto Vive un intercambio cultural en otro pa\u00eds, viajando, estudiando y trabajando. M\u00e1s Info M\u00e1s Info M\u00e1s Info S\u00c9 UPPER \u00a1Env\u00edanos WhatsApp y [&hellip;]<\/p>\n","protected":false},"author":1,"featured_media":0,"parent":0,"menu_order":0,"comment_status":"closed","ping_status":"closed","template":"template-page-full.php","meta":{"_monsterinsights_skip_tracking":false,"_monsterinsights_sitenote_active":false,"_monsterinsights_sitenote_note":"","_monsterinsights_sitenote_category":0,"footnotes":""},"class_list":["post-946","page","type-page","status-publish","hentry"],"aioseo_notices":[],"_links":{"self":[{"href":"https:\/\/gledcorp.com\/mx\/wp-json\/wp\/v2\/pages\/946","targetHints":{"allow":["GET"]}}],"collection":[{"href":"https:\/\/gledcorp.com\/mx\/wp-json\/wp\/v2\/pages"}],"about":[{"href":"https:\/\/gledcorp.com\/mx\/wp-json\/wp\/v2\/types\/page"}],"author":[{"embeddable":true,"href":"https:\/\/gledcorp.com\/mx\/wp-json\/wp\/v2\/users\/1"}],"replies":[{"embeddable":true,"href":"https:\/\/gledcorp.com\/mx\/wp-json\/wp\/v2\/comments?post=946"}],"version-history":[{"count":281,"href":"https:\/\/gledcorp.com\/mx\/wp-json\/wp\/v2\/pages\/946\/revisions"}],"predecessor-version":[{"id":6268,"href":"https:\/\/gledcorp.com\/mx\/wp-json\/wp\/v2\/pages\/946\/revisions\/6268"}],"wp:attachment":[{"href":"https:\/\/gledcorp.com\/mx\/wp-json\/wp\/v2\/media?parent=946"}],"curies":[{"name":"wp","href":"https:\/\/api.w.org\/{rel}","templated":true}]}}