{"id":6902,"date":"2025-05-26T12:05:34","date_gmt":"2025-05-26T18:05:34","guid":{"rendered":"https:\/\/gledcorp.com\/mx\/?page_id=6902"},"modified":"2026-03-12T12:31:37","modified_gmt":"2026-03-12T18:31:37","slug":"gled-el-podcast-del-estudiante-internacional","status":"publish","type":"page","link":"https:\/\/gledcorp.com\/mx\/gled-el-podcast-del-estudiante-internacional\/","title":{"rendered":"Gled | El Podcast del Estudiante Internacional"},"content":{"rendered":"\t\t<div data-elementor-type=\"wp-page\" data-elementor-id=\"6902\" class=\"elementor elementor-6902\">\n\t\t\t\t<div class=\"elementor-element elementor-element-7afb996e e-flex e-con-boxed e-con e-parent\" data-id=\"7afb996e\" data-element_type=\"container\" data-e-type=\"container\">\n\t\t\t\t\t<div class=\"e-con-inner\">\n\t\t\t\t\t<\/div>\n\t\t\t\t<\/div>\n\t\t<div class=\"elementor-element elementor-element-3e29d29d e-flex e-con-boxed elementor-invisible e-con e-parent\" data-id=\"3e29d29d\" data-element_type=\"container\" data-e-type=\"container\" data-settings=\"{&quot;animation&quot;:&quot;fadeIn&quot;}\">\n\t\t\t\t\t<div class=\"e-con-inner\">\n\t\t\t\t<div class=\"elementor-element elementor-element-64462175 elementor-hidden-mobile elementor-invisible elementor-widget elementor-widget-heading\" data-id=\"64462175\" data-element_type=\"widget\" data-e-type=\"widget\" data-settings=\"{&quot;_animation&quot;:&quot;fadeIn&quot;}\" data-widget_type=\"heading.default\">\n\t\t\t\t<div class=\"elementor-widget-container\">\n\t\t\t\t\t<h2 class=\"elementor-heading-title elementor-size-default\">EL PODCAST DEL ESTUDIANTE INTERNACIONAL<\/h2>\t\t\t\t<\/div>\n\t\t\t\t<\/div>\n\t\t\t\t<div class=\"elementor-element elementor-element-f64560b elementor-hidden-mobile elementor-widget elementor-widget-text-editor\" data-id=\"f64560b\" data-element_type=\"widget\" data-e-type=\"widget\" data-widget_type=\"text-editor.default\">\n\t\t\t\t<div class=\"elementor-widget-container\">\n\t\t\t\t\t\t\t\t\t<p class=\"p1\"><span style=\"font-size: 20px;\"><strong><span style=\"font-family: Raleway; color: #333333;\">\u00bfAlguna vez has so\u00f1ado con estudiar en otro pa\u00eds pero no sabes por d\u00f3nde empezar?<\/span><\/strong><\/span><\/p><p>\u00a0<\/p><p class=\"p1\"><span style=\"font-size: 16px; font-family: Raleway; color: #333333;\">En este podcast de Gled, exploramos las razones, ventajas y secretos para vivir una experiencia educativa internacional que transformar\u00e1 tu vida.<\/span><\/p><p class=\"p1\"><span style=\"font-size: 16px; font-family: Raleway; color: #333333;\">Desde c\u00f3mo elegir el destino ideal hasta superar el miedo a lo desconocido, cada episodio est\u00e1 repleto de:<\/span><\/p><p class=\"p1\"><span style=\"font-size: 16px; font-family: Raleway; color: #333333;\">\u2705 Historias inspiradoras de estudiantes que cambiaron su rumbo al estudiar fuera.<\/span><\/p><p class=\"p1\"><span style=\"font-size: 16px; font-family: Raleway; color: #333333;\">\u2705 Tips pr\u00e1cticos: tr\u00e1mites, adaptaci\u00f3n cultural y c\u00f3mo destacar en el extranjero.<\/span><\/p><p class=\"p1\"><span style=\"font-size: 16px; font-family: Raleway; color: #333333;\"><span class=\"s1\">\u2705<\/span> Entrevistas exclusivas con expertos en educaci\u00f3n global, exalumnos y l\u00edderes de universidades.<\/span><\/p><p>\u00a0<\/p><p><span style=\"font-family: Raleway; font-size: 20px;\"><strong>\u00a1Esc\u00fachalo ahora mismo en tu plataforma favorita!<\/strong><\/span><\/p>\t\t\t\t\t\t\t\t<\/div>\n\t\t\t\t<\/div>\n\t\t\t\t<div class=\"elementor-element elementor-element-6ae9d117 elementor-hidden-desktop elementor-hidden-tablet elementor-invisible elementor-widget elementor-widget-heading\" data-id=\"6ae9d117\" data-element_type=\"widget\" data-e-type=\"widget\" data-settings=\"{&quot;_animation&quot;:&quot;fadeIn&quot;}\" data-widget_type=\"heading.default\">\n\t\t\t\t<div class=\"elementor-widget-container\">\n\t\t\t\t\t<h2 class=\"elementor-heading-title elementor-size-default\">EL PODCAST DEL ESTUDIANTE INTERNACIONAL<\/h2>\t\t\t\t<\/div>\n\t\t\t\t<\/div>\n\t\t\t\t<div class=\"elementor-element elementor-element-c97871f elementor-hidden-desktop elementor-hidden-tablet elementor-widget elementor-widget-text-editor\" data-id=\"c97871f\" data-element_type=\"widget\" data-e-type=\"widget\" data-widget_type=\"text-editor.default\">\n\t\t\t\t<div class=\"elementor-widget-container\">\n\t\t\t\t\t\t\t\t\t<p class=\"p1\"><strong><span style=\"font-size: 16px; font-family: Raleway; color: #333333;\">\u00bfAlguna vez has so\u00f1ado con estudiar en otro pa\u00eds pero no sabes por d\u00f3nde empezar? <\/span><\/strong><\/p><p class=\"p1\"><span style=\"font-size: 16px; font-family: Raleway; color: #333333;\">En este podcast de Gled, exploramos las razones, ventajas y secretos para vivir una experiencia educativa internacional que transformar\u00e1 tu vida.<\/span><\/p><p class=\"p1\"><span style=\"font-size: 16px; font-family: Raleway; color: #333333;\">Desde c\u00f3mo elegir el destino ideal hasta superar el miedo a lo desconocido, cada episodio est\u00e1 repleto de:<\/span><\/p><p class=\"p1\"><span style=\"font-size: 16px; font-family: Raleway; color: #333333;\">\u2705 Historias inspiradoras de estudiantes que cambiaron su rumbo al estudiar fuera.<\/span><\/p><p class=\"p1\"><span style=\"font-size: 16px; font-family: Raleway; color: #333333;\">\u2705 Tips pr\u00e1cticos: tr\u00e1mites, adaptaci\u00f3n cultural y c\u00f3mo destacar en el extranjero.<\/span><\/p><p class=\"p1\"><span style=\"font-size: 16px; font-family: Raleway; color: #333333;\"><span class=\"s1\">\u2705<\/span> Entrevistas exclusivas con expertos en educaci\u00f3n global, exalumnos y l\u00edderes de universidades.<\/span><\/p><p><span style=\"font-family: Raleway; font-size: 20px;\"><strong>\u00a1Esc\u00fachalo ahora mismo en tu plataforma favorita!<\/strong><\/span><\/p>\t\t\t\t\t\t\t\t<\/div>\n\t\t\t\t<\/div>\n\t\t\t\t\t<\/div>\n\t\t\t\t<\/div>\n\t\t<div class=\"elementor-element elementor-element-2ec90da7 e-flex e-con-boxed e-con e-parent\" data-id=\"2ec90da7\" data-element_type=\"container\" data-e-type=\"container\" data-settings=\"{&quot;background_background&quot;:&quot;classic&quot;}\">\n\t\t\t\t\t<div class=\"e-con-inner\">\n\t\t\t\t<div class=\"elementor-element elementor-element-5d8ad74 elementor-hidden-mobile elementor-invisible elementor-widget elementor-widget-heading\" data-id=\"5d8ad74\" data-element_type=\"widget\" data-e-type=\"widget\" data-settings=\"{&quot;_animation&quot;:&quot;fadeIn&quot;}\" data-widget_type=\"heading.default\">\n\t\t\t\t<div class=\"elementor-widget-container\">\n\t\t\t\t\t<h2 class=\"elementor-heading-title elementor-size-default\">ESC\u00daCHALO AHORA AQU\u00cd<\/h2>\t\t\t\t<\/div>\n\t\t\t\t<\/div>\n\t\t\t\t<div class=\"elementor-element elementor-element-73592c9 elementor-widget elementor-widget-html\" data-id=\"73592c9\" data-element_type=\"widget\" data-e-type=\"widget\" data-widget_type=\"html.default\">\n\t\t\t\t<div class=\"elementor-widget-container\">\n\t\t\t\t\t<iframe style=\"border-radius:12px\" src=\"https:\/\/open.spotify.com\/embed\/episode\/431PAMsknrV1kDbWCijnjh?utm_source=generator\" width=\"624\" height=\"351\" frameBorder=\"0\" allowfullscreen=\"\" allow=\"autoplay; clipboard-write; encrypted-media; fullscreen; picture-in-picture\" loading=\"lazy\"><\/iframe>\t\t\t\t<\/div>\n\t\t\t\t<\/div>\n\t\t\t\t\t<\/div>\n\t\t\t\t<\/div>\n\t\t<div class=\"elementor-element elementor-element-49cf38e e-con-full e-flex e-con e-parent\" data-id=\"49cf38e\" data-element_type=\"container\" data-e-type=\"container\">\n\t\t\t\t<div class=\"elementor-element elementor-element-8427ea8 elementor-hidden-mobile elementor-invisible elementor-widget elementor-widget-heading\" data-id=\"8427ea8\" data-element_type=\"widget\" data-e-type=\"widget\" data-settings=\"{&quot;_animation&quot;:&quot;fadeIn&quot;}\" data-widget_type=\"heading.default\">\n\t\t\t\t<div class=\"elementor-widget-container\">\n\t\t\t\t\t<h2 class=\"elementor-heading-title elementor-size-default\">ESC\u00daCHALO EN TU PLATAFORMA FAVORITA<\/h2>\t\t\t\t<\/div>\n\t\t\t\t<\/div>\n\t\t\t\t<\/div>\n\t\t<div class=\"elementor-element elementor-element-1029ec3 e-flex e-con-boxed e-con e-parent\" data-id=\"1029ec3\" data-element_type=\"container\" data-e-type=\"container\">\n\t\t\t\t\t<div class=\"e-con-inner\">\n\t\t<div class=\"elementor-element elementor-element-1dc9600 e-con-full e-flex e-con e-child\" data-id=\"1dc9600\" data-element_type=\"container\" data-e-type=\"container\">\n\t\t\t\t<div class=\"elementor-element elementor-element-17a22c5 elementor-widget elementor-widget-image\" data-id=\"17a22c5\" data-element_type=\"widget\" data-e-type=\"widget\" data-widget_type=\"image.default\">\n\t\t\t\t<div class=\"elementor-widget-container\">\n\t\t\t\t\t\t\t\t\t\t\t\t\t\t\t\t<a href=\"https:\/\/podcasts.apple.com\/us\/podcast\/el-podcast-del-estudiante-internacional\/id1816786789\" target=\"_blank\" rel=\"nofollow\">\n\t\t\t\t\t\t\t<img decoding=\"async\" width=\"164\" height=\"40\" src=\"https:\/\/gledcorp.com\/mx\/wp-content\/uploads\/sites\/2\/2025\/05\/badge.svg\" class=\"attachment-large size-large wp-image-6954\" alt=\"\" \/>\t\t\t\t\t\t\t\t<\/a>\n\t\t\t\t\t\t\t\t\t\t\t\t\t\t\t<\/div>\n\t\t\t\t<\/div>\n\t\t\t\t<\/div>\n\t\t<div class=\"elementor-element elementor-element-3015847 e-con-full e-flex e-con e-child\" data-id=\"3015847\" data-element_type=\"container\" data-e-type=\"container\">\n\t\t\t\t<div class=\"elementor-element elementor-element-3e85c3e elementor-widget elementor-widget-image\" data-id=\"3e85c3e\" data-element_type=\"widget\" data-e-type=\"widget\" data-widget_type=\"image.default\">\n\t\t\t\t<div class=\"elementor-widget-container\">\n\t\t\t\t\t\t\t\t\t\t\t\t\t\t\t\t<a href=\"https:\/\/music.amazon.com.mx\/podcasts\/d431b97c-9e05-494a-be00-e7aeec782df9\/el-podcast-del-estudiante-internacional\" target=\"_blank\" rel=\"nofollow\">\n\t\t\t\t\t\t\t<img decoding=\"async\" width=\"300\" height=\"73\" src=\"https:\/\/gledcorp.com\/mx\/wp-content\/uploads\/sites\/2\/2025\/05\/mx_listenon_amazonmusic_button_charcoal-300x73.png\" class=\"attachment-medium size-medium wp-image-6955\" alt=\"\" srcset=\"https:\/\/gledcorp.com\/mx\/wp-content\/uploads\/sites\/2\/2025\/05\/mx_listenon_amazonmusic_button_charcoal-300x73.png 300w, https:\/\/gledcorp.com\/mx\/wp-content\/uploads\/sites\/2\/2025\/05\/mx_listenon_amazonmusic_button_charcoal-1024x249.png 1024w, https:\/\/gledcorp.com\/mx\/wp-content\/uploads\/sites\/2\/2025\/05\/mx_listenon_amazonmusic_button_charcoal-768x187.png 768w, https:\/\/gledcorp.com\/mx\/wp-content\/uploads\/sites\/2\/2025\/05\/mx_listenon_amazonmusic_button_charcoal-1140x277.png 1140w, https:\/\/gledcorp.com\/mx\/wp-content\/uploads\/sites\/2\/2025\/05\/mx_listenon_amazonmusic_button_charcoal-848x206.png 848w, https:\/\/gledcorp.com\/mx\/wp-content\/uploads\/sites\/2\/2025\/05\/mx_listenon_amazonmusic_button_charcoal.png 1374w\" sizes=\"(max-width: 300px) 100vw, 300px\" \/>\t\t\t\t\t\t\t\t<\/a>\n\t\t\t\t\t\t\t\t\t\t\t\t\t\t\t<\/div>\n\t\t\t\t<\/div>\n\t\t\t\t<\/div>\n\t\t<div class=\"elementor-element elementor-element-45e626d e-con-full e-flex e-con e-child\" data-id=\"45e626d\" data-element_type=\"container\" data-e-type=\"container\">\n\t\t\t\t<div class=\"elementor-element elementor-element-4c0e3fa elementor-widget elementor-widget-image\" data-id=\"4c0e3fa\" data-element_type=\"widget\" data-e-type=\"widget\" data-widget_type=\"image.default\">\n\t\t\t\t<div class=\"elementor-widget-container\">\n\t\t\t\t\t\t\t\t\t\t\t\t\t\t\t\t<a href=\"https:\/\/youtu.be\/YFJ6n-19Q_g\" target=\"_blank\" rel=\"nofollow\">\n\t\t\t\t\t\t\t<img decoding=\"async\" width=\"300\" height=\"81\" src=\"https:\/\/gledcorp.com\/mx\/wp-content\/uploads\/sites\/2\/2025\/05\/listenonyoutubemusic-black-3xpng-300x81.png\" class=\"attachment-medium size-medium wp-image-6956\" alt=\"\" srcset=\"https:\/\/gledcorp.com\/mx\/wp-content\/uploads\/sites\/2\/2025\/05\/listenonyoutubemusic-black-3xpng-300x81.png 300w, https:\/\/gledcorp.com\/mx\/wp-content\/uploads\/sites\/2\/2025\/05\/listenonyoutubemusic-black-3xpng-500x136.png 500w, https:\/\/gledcorp.com\/mx\/wp-content\/uploads\/sites\/2\/2025\/05\/listenonyoutubemusic-black-3xpng.png 506w\" sizes=\"(max-width: 300px) 100vw, 300px\" \/>\t\t\t\t\t\t\t\t<\/a>\n\t\t\t\t\t\t\t\t\t\t\t\t\t\t\t<\/div>\n\t\t\t\t<\/div>\n\t\t\t\t<\/div>\n\t\t<div class=\"elementor-element elementor-element-27bf96a e-con-full e-flex e-con e-child\" data-id=\"27bf96a\" data-element_type=\"container\" data-e-type=\"container\">\n\t\t\t\t<div class=\"elementor-element elementor-element-3bb5fc9 elementor-widget elementor-widget-image\" data-id=\"3bb5fc9\" data-element_type=\"widget\" data-e-type=\"widget\" data-widget_type=\"image.default\">\n\t\t\t\t<div class=\"elementor-widget-container\">\n\t\t\t\t\t\t\t\t\t\t\t\t\t\t\t\t<a href=\"https:\/\/open.spotify.com\/show\/1HFQE02jndYgdZyX0T968y\" target=\"_blank\" rel=\"nofollow\">\n\t\t\t\t\t\t\t<img loading=\"lazy\" decoding=\"async\" width=\"300\" height=\"91\" src=\"https:\/\/gledcorp.com\/mx\/wp-content\/uploads\/sites\/2\/2025\/05\/escuchar-en-espotify-300x91.png\" class=\"attachment-medium size-medium wp-image-6957\" alt=\"\" srcset=\"https:\/\/gledcorp.com\/mx\/wp-content\/uploads\/sites\/2\/2025\/05\/escuchar-en-espotify-300x91.png 300w, https:\/\/gledcorp.com\/mx\/wp-content\/uploads\/sites\/2\/2025\/05\/escuchar-en-espotify-1024x309.png 1024w, https:\/\/gledcorp.com\/mx\/wp-content\/uploads\/sites\/2\/2025\/05\/escuchar-en-espotify-768x232.png 768w, https:\/\/gledcorp.com\/mx\/wp-content\/uploads\/sites\/2\/2025\/05\/escuchar-en-espotify-1140x344.png 1140w, https:\/\/gledcorp.com\/mx\/wp-content\/uploads\/sites\/2\/2025\/05\/escuchar-en-espotify-848x256.png 848w, https:\/\/gledcorp.com\/mx\/wp-content\/uploads\/sites\/2\/2025\/05\/escuchar-en-espotify.png 1200w\" sizes=\"(max-width: 300px) 100vw, 300px\" \/>\t\t\t\t\t\t\t\t<\/a>\n\t\t\t\t\t\t\t\t\t\t\t\t\t\t\t<\/div>\n\t\t\t\t<\/div>\n\t\t\t\t<\/div>\n\t\t\t\t\t<\/div>\n\t\t\t\t<\/div>\n\t\t<div class=\"elementor-element elementor-element-ebaaedf e-flex e-con-boxed e-con e-parent\" data-id=\"ebaaedf\" data-element_type=\"container\" data-e-type=\"container\" data-settings=\"{&quot;background_background&quot;:&quot;classic&quot;}\">\n\t\t\t\t\t<div class=\"e-con-inner\">\n\t\t\t\t<div class=\"elementor-element elementor-element-aaa5592 elementor-hidden-mobile elementor-invisible elementor-widget elementor-widget-heading\" data-id=\"aaa5592\" data-element_type=\"widget\" data-e-type=\"widget\" data-settings=\"{&quot;_animation&quot;:&quot;fadeIn&quot;}\" data-widget_type=\"heading.default\">\n\t\t\t\t<div class=\"elementor-widget-container\">\n\t\t\t\t\t<h2 class=\"elementor-heading-title elementor-size-default\">VE EL PODCAST AQU\u00cd<\/h2>\t\t\t\t<\/div>\n\t\t\t\t<\/div>\n\t\t\t\t<div class=\"elementor-element elementor-element-3415dce elementor-widget elementor-widget-html\" data-id=\"3415dce\" data-element_type=\"widget\" data-e-type=\"widget\" data-widget_type=\"html.default\">\n\t\t\t\t<div class=\"elementor-widget-container\">\n\t\t\t\t\t<iframe width=\"100%\" height=\"630\" src=\"https:\/\/www.youtube.com\/embed\/FjHc5v1jnPE?si=w36Rdni50zqw_mcx\" title=\"YouTube video player\" frameborder=\"0\" allow=\"accelerometer; autoplay; clipboard-write; encrypted-media; gyroscope; picture-in-picture; web-share\" referrerpolicy=\"strict-origin-when-cross-origin\" allowfullscreen><\/iframe>\t\t\t\t<\/div>\n\t\t\t\t<\/div>\n\t\t\t\t\t<\/div>\n\t\t\t\t<\/div>\n\t\t\t\t<\/div>\n\t\t","protected":false},"excerpt":{"rendered":"<p>EL PODCAST DEL ESTUDIANTE INTERNACIONAL \u00bfAlguna vez has so\u00f1ado con estudiar en otro pa\u00eds pero no sabes por d\u00f3nde empezar? \u00a0 En este podcast de Gled, exploramos las razones, ventajas y secretos para vivir una experiencia educativa internacional que transformar\u00e1 tu vida. Desde c\u00f3mo elegir el destino ideal hasta superar el miedo a lo desconocido, [&hellip;]<\/p>\n","protected":false},"author":1,"featured_media":0,"parent":0,"menu_order":0,"comment_status":"closed","ping_status":"closed","template":"template-page-full.php","meta":{"_monsterinsights_skip_tracking":false,"_monsterinsights_sitenote_active":false,"_monsterinsights_sitenote_note":"","_monsterinsights_sitenote_category":0,"footnotes":""},"class_list":["post-6902","page","type-page","status-publish","hentry"],"aioseo_notices":[],"_links":{"self":[{"href":"https:\/\/gledcorp.com\/mx\/wp-json\/wp\/v2\/pages\/6902","targetHints":{"allow":["GET"]}}],"collection":[{"href":"https:\/\/gledcorp.com\/mx\/wp-json\/wp\/v2\/pages"}],"about":[{"href":"https:\/\/gledcorp.com\/mx\/wp-json\/wp\/v2\/types\/page"}],"author":[{"embeddable":true,"href":"https:\/\/gledcorp.com\/mx\/wp-json\/wp\/v2\/users\/1"}],"replies":[{"embeddable":true,"href":"https:\/\/gledcorp.com\/mx\/wp-json\/wp\/v2\/comments?post=6902"}],"version-history":[{"count":130,"href":"https:\/\/gledcorp.com\/mx\/wp-json\/wp\/v2\/pages\/6902\/revisions"}],"predecessor-version":[{"id":8188,"href":"https:\/\/gledcorp.com\/mx\/wp-json\/wp\/v2\/pages\/6902\/revisions\/8188"}],"wp:attachment":[{"href":"https:\/\/gledcorp.com\/mx\/wp-json\/wp\/v2\/media?parent=6902"}],"curies":[{"name":"wp","href":"https:\/\/api.w.org\/{rel}","templated":true}]}}