{"id":3,"date":"2024-07-11T00:55:12","date_gmt":"2024-07-11T00:55:12","guid":{"rendered":"http:\/\/gled.reburujado.rocks\/?page_id=3"},"modified":"2025-10-03T13:24:39","modified_gmt":"2025-10-03T19:24:39","slug":"aviso-de-privacidad","status":"publish","type":"page","link":"https:\/\/gledcorp.com\/mx\/aviso-de-privacidad\/","title":{"rendered":"Aviso de privacidad"},"content":{"rendered":"\t\t<div data-elementor-type=\"wp-page\" data-elementor-id=\"3\" class=\"elementor elementor-3\">\n\t\t\t\t<div class=\"elementor-element elementor-element-393bdf8e e-flex e-con-boxed e-con e-parent\" data-id=\"393bdf8e\" data-element_type=\"container\" data-e-type=\"container\">\n\t\t\t\t\t<div class=\"e-con-inner\">\n\t\t\t\t<div class=\"elementor-element elementor-element-46c3f006 elementor-widget elementor-widget-text-editor\" data-id=\"46c3f006\" data-element_type=\"widget\" data-e-type=\"widget\" data-widget_type=\"text-editor.default\">\n\t\t\t\t<div class=\"elementor-widget-container\">\n\t\t\t\t\t\t\t\t\t<p><span style=\"color: #000000;\"><\/span><\/p>\n<center><span style=\"color: #000000;\"><b>AVISO DE PRIVACIDAD<\/b><\/span><\/center>\n<p>\u00a0<\/p>\n<p><strong>AVISO DE PRIVACIDAD<\/strong><\/p>\n<p><br \/><strong>EDUCACION NACIONAL E INTERNACIONAL\u00a0SC<\/strong>, con domicilio en Ejercito Nacional 373, Chapultepec Morales, Granada, Miguel Hidalgo, 11520, C.P. 11560, Ciudad de M\u00e9xico, es responsable de recabar sus datos personales, del uso que se le d\u00e9 a los mismos y de su protecci\u00f3n; asimismo utilizar\u00e1 sus datos personales aqu\u00ed recabados para:<\/p>\n<ul>\n<li>Dar a conocer nuestros servicios.<br \/>\u2022 Evaluar la calidad de nuestros servicios.<br \/>\u2022 Crear un perfil de las necesidades de nuestros clientes y optimizar nuestros servicios.<br \/>\u2022 Vender nuestros productos.<\/li>\n<\/ul>\n<p>Recabamos los datos de distintas formas: cuando son proporcionados directamente por Usted al suscribir formatos de inscripci\u00f3n, contratos o condiciones generales, por V\u00eda electr\u00f3nica (web, e-mail, chat, encuestas en l\u00ednea), telef\u00f3nicamente y al realizar actividades de promoci\u00f3n.<br \/>Datos que recabamos de forma directa o a trav\u00e9s de otros medios:<\/p>\n<ul>\n<li>Nombre.<br \/>\u2022 Apellidos.<br \/>\u2022 Correo electr\u00f3nico.<br \/>\u2022 Tel\u00e9fono.<br \/>\u2022 Direcci\u00f3n.<br \/>\u2022 Instituci\u00f3n empleadora.<br \/>\u2022 Cargo o Puesto.<br \/>\u2022 Ingreso mensual.<br \/>\u2022 Fecha de nacimiento.<br \/>\u2022 CURP o RFC.<br \/>\u2022 Escolaridad.<br \/>\u2022 Edad.<br \/>\u2022 Instituci\u00f3n o Escuela en el extranjero en la que te gustar\u00eda estudiar.<\/li>\n<\/ul>\n<p>Asimismo recabamos los siguientes datos considerados como sensibles seg\u00fan la Ley Federal de Protecci\u00f3n de Datos Personales en Posesi\u00f3n de los Particulares:<\/p>\n<ul>\n<li>Estado de Salud.<br \/>\u2022 Estados Financieros.<\/li>\n<\/ul>\n<p>Nos comprometemos a que los mismos ser\u00e1n tratados bajo las m\u00e1s estrictas medidas de seguridad, siempre garantizando su confidencialidad.<\/p>\n<p>Si usted no manifiesta su oposici\u00f3n para que sus datos personales sensibles sean tratados, se entender\u00e1 que ha otorgado su consentimiento para ello y consiente en que los mismos sean tratados en los t\u00e9rminos y condiciones del presente aviso de privacidad.<\/p>\n<p>Igualmente, le informamos que sus datos personales pueden ser transferidos y tratados dentro y fuera del pa\u00eds, por personas distintas a esta empresa. En ese sentido, su informaci\u00f3n puede ser compartida con las diversas instituciones educativas con las cuales tenemos alianzas comerciales (para mayor informaci\u00f3n visite\u00a0<a href=\"http:\/\/www.gledco\">www.gledco<\/a>rp.com, la informaci\u00f3n se comparte para que estas puedan ofrecer sus servicios en cuanto a los cursos de los que est\u00e1 interesado el cliente.<\/p>\n<p>Si usted no manifiesta su oposici\u00f3n para que sus datos personales sean transferidos, se entender\u00e1 que ha otorgado su consentimiento para ello.<\/p>\n<p>Despu\u00e9s de que la informaci\u00f3n llega a la base de datos, \u00e9sta es almacenada en un servidor seguro protegido por un firewall, asimismo f\u00edsicamente se elaboran expedientes por cada uno de ellos con acceso confidencial y restringido\u00a0<strong>EDUCACION NACIONAL E INTERNACIONAL<\/strong>\u00a0toma las precauciones para la salvaguarda de la informaci\u00f3n que Usted nos proporciona.<\/p>\n<p>\u00bfC\u00f3mo puede limitar el uso o divulgaci\u00f3n de los datos personales?<br \/>Para dejar de recibir nuestras comunicaciones telef\u00f3nicas o correos electr\u00f3nicos si as\u00ed lo desea, puede Usted llamar al (55) 50-22-10-05 \u00f3 escribir al correo: informes@gled.co<\/p>\n<p><br \/>\u00bfC\u00f3mo acceder o rectificar datos personales o cancelar u oponerse a su uso?<br \/>Para conocer m\u00e1s sobre el tratamiento que damos a los datos personales que recabamos o cualquier petici\u00f3n que nos quieras hacer relacionada con este tema, favor de ponerse en contacto con nosotros al (55) 50-22-10-05 \u00f3 escribir al correo: informes@gled.co<\/p>\n<p><br \/>La petici\u00f3n deber\u00e1 ir acompa\u00f1ada por una copia su Identificaci\u00f3n Oficial y en caso de ser Persona Moral adjuntar copia del Instrumento Notarial con el que acredite su personalidad, que deber\u00e1 enviar a: informes@gled.co<\/p>\n<p><br \/>El plazo para atender la solicitud es de 3 d\u00edas.<\/p>\n<p>\u00bfC\u00f3mo puede revocar el consentimiento para el tratamiento de tus datos?<br \/>En todo momento, se puede revocar el consentimiento que se ha otorgado para el tratamiento de los datos personales, a fin de que se deje de hacer uso de los mismos. Para ello, es necesario presentar la siguiente documentaci\u00f3n:<br \/>Solicitud de revocaci\u00f3n de uso de datos personales, en escrito libre.<br \/>La petici\u00f3n deber\u00e1 ir acompa\u00f1ada de la siguiente informaci\u00f3n:<br \/>\u2022 Copia de la credencial de elector.<br \/>\u2022 Carta de motivos por los cuales deseas revocar el tratamiento de los datos.<br \/>Enviar a informes@gled.co<\/p>\n<p><br \/>En un plazo m\u00e1ximo de 3 d\u00edas atendemos la petici\u00f3n e informaremos sobre la procedencia de la misma a trav\u00e9s de un correo electr\u00f3nico o llamada telef\u00f3nica.<\/p>\n<p>Modificaciones al aviso de privacidad<br \/><strong>EDUCACION NACIONAL E INTERNACIONAL\u00a0SC<\/strong>\u00a0se reserva el derecho de efectuar en cualquier momento modificaciones o actualizaciones al presente aviso de privacidad, para la atenci\u00f3n de novedades legislativas, Avisos internas o nuevos requerimientos para la prestaci\u00f3n u ofrecimiento de nuestros servicios. Estas modificaciones estar\u00e1n disponibles al p\u00fablico a trav\u00e9s de nuestro sitio web o las haremos llegar al \u00faltimo correo electr\u00f3nico proporcionado.<\/p>\n<p>\u00bfAnte qui\u00e9n puede presentar quejas y denuncias por el tratamiento indebido de sus datos personales?<br \/>Si considera que el derecho de protecci\u00f3n de datos personales ha sido lesionado por alguna conducta de nuestros colaboradores o de nuestras actuaciones o respuestas, o presume que en el tratamiento de sus datos personales existe alguna violaci\u00f3n a las disposiciones previstas en la Ley Federal de Protecci\u00f3n de Datos Personales en Posesi\u00f3n de los Particulares, podr\u00e1s interponer la queja o denuncia correspondiente ante el IFAI.<br \/>Para mayor informaci\u00f3n visita\u00a0<a href=\"http:\/\/inicio.ifai.org.mx\/\">http:\/\/inicio.ifai.org.mx<\/a><\/p>\n<p><strong>EDUCACION NACIONAL E INTERNACIONAL\u00a0SC<\/strong><\/p>\n<p>Representante Legal<\/p>\n<p><span style=\"color: #000000;\"><\/span><\/p>\t\t\t\t\t\t\t\t<\/div>\n\t\t\t\t<\/div>\n\t\t\t\t\t<\/div>\n\t\t\t\t<\/div>\n\t\t\t\t<\/div>\n\t\t","protected":false},"excerpt":{"rendered":"<p>AVISO DE PRIVACIDAD \u00a0 AVISO DE PRIVACIDAD EDUCACION NACIONAL E INTERNACIONAL\u00a0SC, con domicilio en Ejercito Nacional 373, Chapultepec Morales, Granada, Miguel Hidalgo, 11520, C.P. 11560, Ciudad de M\u00e9xico, es responsable de recabar sus datos personales, del uso que se le d\u00e9 a los mismos y de su protecci\u00f3n; asimismo utilizar\u00e1 sus datos personales aqu\u00ed recabados [&hellip;]<\/p>\n","protected":false},"author":1,"featured_media":0,"parent":0,"menu_order":0,"comment_status":"closed","ping_status":"open","template":"","meta":{"_monsterinsights_skip_tracking":false,"_monsterinsights_sitenote_active":false,"_monsterinsights_sitenote_note":"","_monsterinsights_sitenote_category":0,"footnotes":""},"class_list":["post-3","page","type-page","status-publish","hentry"],"aioseo_notices":[],"_links":{"self":[{"href":"https:\/\/gledcorp.com\/mx\/wp-json\/wp\/v2\/pages\/3","targetHints":{"allow":["GET"]}}],"collection":[{"href":"https:\/\/gledcorp.com\/mx\/wp-json\/wp\/v2\/pages"}],"about":[{"href":"https:\/\/gledcorp.com\/mx\/wp-json\/wp\/v2\/types\/page"}],"author":[{"embeddable":true,"href":"https:\/\/gledcorp.com\/mx\/wp-json\/wp\/v2\/users\/1"}],"replies":[{"embeddable":true,"href":"https:\/\/gledcorp.com\/mx\/wp-json\/wp\/v2\/comments?post=3"}],"version-history":[{"count":10,"href":"https:\/\/gledcorp.com\/mx\/wp-json\/wp\/v2\/pages\/3\/revisions"}],"predecessor-version":[{"id":7506,"href":"https:\/\/gledcorp.com\/mx\/wp-json\/wp\/v2\/pages\/3\/revisions\/7506"}],"wp:attachment":[{"href":"https:\/\/gledcorp.com\/mx\/wp-json\/wp\/v2\/media?parent=3"}],"curies":[{"name":"wp","href":"https:\/\/api.w.org\/{rel}","templated":true}]}}