{"id":2759,"date":"2024-08-01T11:12:23","date_gmt":"2024-08-01T17:12:23","guid":{"rendered":"https:\/\/gled.reburujado.rocks\/?page_id=2759"},"modified":"2025-06-27T11:08:03","modified_gmt":"2025-06-27T17:08:03","slug":"quienes-somos","status":"publish","type":"page","link":"https:\/\/gledcorp.com\/mx\/quienes-somos\/","title":{"rendered":"Quienes Somos"},"content":{"rendered":"\t\t<div data-elementor-type=\"wp-page\" data-elementor-id=\"2759\" class=\"elementor elementor-2759\">\n\t\t\t\t<div class=\"elementor-element elementor-element-50b35fd5 e-flex e-con-boxed e-con e-parent\" data-id=\"50b35fd5\" data-element_type=\"container\" data-e-type=\"container\">\n\t\t\t\t\t<div class=\"e-con-inner\">\n\t\t\t\t\t<\/div>\n\t\t\t\t<\/div>\n\t\t<div class=\"elementor-element elementor-element-1d163c86 e-con-full e-flex e-con e-parent\" data-id=\"1d163c86\" data-element_type=\"container\" data-e-type=\"container\" data-settings=\"{&quot;background_background&quot;:&quot;classic&quot;}\">\n\t\t\t\t<div class=\"elementor-element elementor-element-d0be9ae elementor-widget elementor-widget-image\" data-id=\"d0be9ae\" data-element_type=\"widget\" data-e-type=\"widget\" data-widget_type=\"image.default\">\n\t\t\t\t<div class=\"elementor-widget-container\">\n\t\t\t\t\t\t\t\t\t\t\t\t\t\t\t<img fetchpriority=\"high\" decoding=\"async\" width=\"678\" height=\"231\" src=\"https:\/\/gledcorp.com\/mx\/wp-content\/uploads\/sites\/2\/2024\/07\/gled-logo_mini-web-2.png\" class=\"attachment-large size-large wp-image-187\" alt=\"\" srcset=\"https:\/\/gledcorp.com\/mx\/wp-content\/uploads\/sites\/2\/2024\/07\/gled-logo_mini-web-2.png 678w, https:\/\/gledcorp.com\/mx\/wp-content\/uploads\/sites\/2\/2024\/07\/gled-logo_mini-web-2-300x102.png 300w\" sizes=\"(max-width: 678px) 100vw, 678px\" \/>\t\t\t\t\t\t\t\t\t\t\t\t\t\t\t<\/div>\n\t\t\t\t<\/div>\n\t\t\t\t<div class=\"elementor-element elementor-element-b5ad1df elementor-widget elementor-widget-heading\" data-id=\"b5ad1df\" data-element_type=\"widget\" data-e-type=\"widget\" data-widget_type=\"heading.default\">\n\t\t\t\t<div class=\"elementor-widget-container\">\n\t\t\t\t\t<h1 class=\"elementor-heading-title elementor-size-default\">BORRAMOS LAS FRONTERAS DEL MUNDO<\/h1>\t\t\t\t<\/div>\n\t\t\t\t<\/div>\n\t\t\t\t<div class=\"elementor-element elementor-element-274de9d9 elementor-widget elementor-widget-heading\" data-id=\"274de9d9\" data-element_type=\"widget\" data-e-type=\"widget\" data-widget_type=\"heading.default\">\n\t\t\t\t<div class=\"elementor-widget-container\">\n\t\t\t\t\t<h2 class=\"elementor-heading-title elementor-size-default\">Be Global<\/h2>\t\t\t\t<\/div>\n\t\t\t\t<\/div>\n\t\t\t\t<\/div>\n\t\t<div class=\"elementor-element elementor-element-4d6940e3 e-flex e-con-boxed e-con e-parent\" data-id=\"4d6940e3\" data-element_type=\"container\" data-e-type=\"container\">\n\t\t\t\t\t<div class=\"e-con-inner\">\n\t\t\t\t<div class=\"elementor-element elementor-element-3269f26e elementor-widget elementor-widget-heading\" data-id=\"3269f26e\" data-element_type=\"widget\" data-e-type=\"widget\" data-widget_type=\"heading.default\">\n\t\t\t\t<div class=\"elementor-widget-container\">\n\t\t\t\t\t<h2 class=\"elementor-heading-title elementor-size-default\">\u00bfQUIENES SOMOS?<\/h2>\t\t\t\t<\/div>\n\t\t\t\t<\/div>\n\t\t\t\t<div class=\"elementor-element elementor-element-7f0ef90 elementor-widget elementor-widget-text-editor\" data-id=\"7f0ef90\" data-element_type=\"widget\" data-e-type=\"widget\" data-widget_type=\"text-editor.default\">\n\t\t\t\t<div class=\"elementor-widget-container\">\n\t\t\t\t\t\t\t\t\t<p><span style=\"color: #333333; font-size: 16px; font-family: Raleway;\">Somos Global Education Corp. buscamos innovar y transformar la oferta educativa para estudios en el extranjero por medio de distintas empresas especializadas y comprometidas con el desarrollo personal y educativo. Nuestra meta es brindar asesor\u00eda a estudiantes que desean continuar con su crecimiento educativo en todos los niveles, pudiendo ofrecer productos y servicios de calidad.<\/span><\/p><p><span style=\"color: #333333; font-size: 16px; font-family: Raleway;\">Contamos con m\u00e1s de 20 a\u00f1os de experiencia en el sector educativo. A la fecha miles de estudiantes han invertido en su educaci\u00f3n tomando alguno de nuestros programas educativos. Sabemos que la educaci\u00f3n es d\u00eda a d\u00edas m\u00e1s importante en la vida de todas la personas y factor determinante para su desarrollo personal, acad\u00e9mico y profesional.<\/span><\/p>\t\t\t\t\t\t\t\t<\/div>\n\t\t\t\t<\/div>\n\t\t\t\t<div class=\"elementor-element elementor-element-31ce2d4 elementor-widget elementor-widget-text-editor\" data-id=\"31ce2d4\" data-element_type=\"widget\" data-e-type=\"widget\" data-widget_type=\"text-editor.default\">\n\t\t\t\t<div class=\"elementor-widget-container\">\n\t\t\t\t\t\t\t\t\t<div><span style=\"font-size: 20px;\"><strong><span style=\"color: #333333;\">Nuestro prop\u00f3sito es generar riqueza y crecimiento mediante la educaci\u00f3n<\/span><\/strong><\/span><br \/><span style=\"font-size: 20px;\"><strong><span style=\"color: #333333;\">en beneficio de nuestros estudiantes, colaboradores y socios.<\/span><\/strong><\/span><\/div>\t\t\t\t\t\t\t\t<\/div>\n\t\t\t\t<\/div>\n\t\t\t\t\t<\/div>\n\t\t\t\t<\/div>\n\t\t<div class=\"elementor-element elementor-element-7997ecdb e-flex e-con-boxed e-con e-parent\" data-id=\"7997ecdb\" data-element_type=\"container\" data-e-type=\"container\" data-settings=\"{&quot;background_background&quot;:&quot;classic&quot;}\">\n\t\t\t\t\t<div class=\"e-con-inner\">\n\t\t\t\t<div class=\"elementor-element elementor-element-3fe84c5d elementor-widget elementor-widget-heading\" data-id=\"3fe84c5d\" data-element_type=\"widget\" data-e-type=\"widget\" data-widget_type=\"heading.default\">\n\t\t\t\t<div class=\"elementor-widget-container\">\n\t\t\t\t\t<h2 class=\"elementor-heading-title elementor-size-default\">EN GLED SOMOS APASIONADOS POR LA EDUCACI\u00d3N<\/h2>\t\t\t\t<\/div>\n\t\t\t\t<\/div>\n\t\t<div class=\"elementor-element elementor-element-311b498 e-grid e-con-full e-con e-child\" data-id=\"311b498\" data-element_type=\"container\" data-e-type=\"container\">\n\t\t\t\t<div class=\"elementor-element elementor-element-a67ddac elementor-widget elementor-widget-text-editor\" data-id=\"a67ddac\" data-element_type=\"widget\" data-e-type=\"widget\" data-widget_type=\"text-editor.default\">\n\t\t\t\t<div class=\"elementor-widget-container\">\n\t\t\t\t\t\t\t\t\t<div class=\"wpb_column vc_column_container vc_col-sm-6\"><div class=\"vc_column-inner\"><div class=\"wpb_wrapper\"><div class=\"wpb_text_column wpb_content_element\"><div class=\"wpb_wrapper\"><p><span style=\"color: #333333; font-size: 16px;\">\u201cTengo una gran pasi\u00f3n por el \u00e1rea educativa, no existe otra actividad que sea m\u00e1s efectiva para el desarrollo de una sociedad. Hacer que una educaci\u00f3n de calidad est\u00e9 al alcance de todos es un reto que me motiva mi d\u00eda a d\u00eda. En Gled buscamos un sue\u00f1o: que todos los ciudadanos del mundo puedan tener una oportunidad a trav\u00e9s de la educaci\u00f3n\u201d<\/span><\/p><\/div><\/div><h3 class=\"vc_custom_heading vc_do_custom_heading vc_custom_1629988408152\"><span style=\"font-size: 16px; color: #333333;\">&#8211; BENIGNO ALFARO, PRESIDENTE GLED GLOBAL EDUCATION.<\/span><\/h3><\/div><\/div><\/div><div class=\"wpb_column vc_column_container vc_col-sm-6\"><div class=\"vc_column-inner\"><div class=\"wpb_wrapper\">\u00a0<\/div><\/div><\/div>\t\t\t\t\t\t\t\t<\/div>\n\t\t\t\t<\/div>\n\t\t\t\t<div class=\"elementor-element elementor-element-e76152b elementor-widget elementor-widget-image\" data-id=\"e76152b\" data-element_type=\"widget\" data-e-type=\"widget\" data-widget_type=\"image.default\">\n\t\t\t\t<div class=\"elementor-widget-container\">\n\t\t\t\t\t\t\t\t\t\t\t\t\t\t\t<img decoding=\"async\" width=\"600\" height=\"397\" src=\"https:\/\/gledcorp.com\/mx\/wp-content\/uploads\/sites\/2\/2024\/08\/benigno-alfaro.jpg\" class=\"attachment-large size-large wp-image-3216\" alt=\"\" srcset=\"https:\/\/gledcorp.com\/mx\/wp-content\/uploads\/sites\/2\/2024\/08\/benigno-alfaro.jpg 600w, https:\/\/gledcorp.com\/mx\/wp-content\/uploads\/sites\/2\/2024\/08\/benigno-alfaro-300x199.jpg 300w\" sizes=\"(max-width: 600px) 100vw, 600px\" \/>\t\t\t\t\t\t\t\t\t\t\t\t\t\t\t<\/div>\n\t\t\t\t<\/div>\n\t\t\t\t<\/div>\n\t\t\t\t\t<\/div>\n\t\t\t\t<\/div>\n\t\t\t\t<\/div>\n\t\t","protected":false},"excerpt":{"rendered":"<p>BORRAMOS LAS FRONTERAS DEL MUNDO Be Global \u00bfQUIENES SOMOS? Somos Global Education Corp. buscamos innovar y transformar la oferta educativa para estudios en el extranjero por medio de distintas empresas especializadas y comprometidas con el desarrollo personal y educativo. Nuestra meta es brindar asesor\u00eda a estudiantes que desean continuar con su crecimiento educativo en todos [&hellip;]<\/p>\n","protected":false},"author":1,"featured_media":0,"parent":0,"menu_order":0,"comment_status":"closed","ping_status":"closed","template":"template-page-full.php","meta":{"_monsterinsights_skip_tracking":false,"_monsterinsights_sitenote_active":false,"_monsterinsights_sitenote_note":"","_monsterinsights_sitenote_category":0,"footnotes":""},"class_list":["post-2759","page","type-page","status-publish","hentry"],"aioseo_notices":[],"_links":{"self":[{"href":"https:\/\/gledcorp.com\/mx\/wp-json\/wp\/v2\/pages\/2759","targetHints":{"allow":["GET"]}}],"collection":[{"href":"https:\/\/gledcorp.com\/mx\/wp-json\/wp\/v2\/pages"}],"about":[{"href":"https:\/\/gledcorp.com\/mx\/wp-json\/wp\/v2\/types\/page"}],"author":[{"embeddable":true,"href":"https:\/\/gledcorp.com\/mx\/wp-json\/wp\/v2\/users\/1"}],"replies":[{"embeddable":true,"href":"https:\/\/gledcorp.com\/mx\/wp-json\/wp\/v2\/comments?post=2759"}],"version-history":[{"count":64,"href":"https:\/\/gledcorp.com\/mx\/wp-json\/wp\/v2\/pages\/2759\/revisions"}],"predecessor-version":[{"id":7258,"href":"https:\/\/gledcorp.com\/mx\/wp-json\/wp\/v2\/pages\/2759\/revisions\/7258"}],"wp:attachment":[{"href":"https:\/\/gledcorp.com\/mx\/wp-json\/wp\/v2\/media?parent=2759"}],"curies":[{"name":"wp","href":"https:\/\/api.w.org\/{rel}","templated":true}]}}