{"id":821,"date":"2024-07-23T20:52:49","date_gmt":"2024-07-24T02:52:49","guid":{"rendered":"https:\/\/gled.reburujado.rocks\/?page_id=821"},"modified":"2025-05-08T09:42:33","modified_gmt":"2025-05-08T15:42:33","slug":"test-nivel-de-ingles","status":"publish","type":"page","link":"https:\/\/gledcorp.com\/ec\/test-nivel-de-ingles\/","title":{"rendered":"Test Nivel de Ingl\u00e9s"},"content":{"rendered":"\t\t<div data-elementor-type=\"wp-page\" data-elementor-id=\"821\" class=\"elementor elementor-821\">\n\t\t\t\t<div class=\"elementor-element elementor-element-7dbc719 e-flex e-con-boxed e-con e-parent\" data-id=\"7dbc719\" data-element_type=\"container\" data-e-type=\"container\">\n\t\t\t\t\t<div class=\"e-con-inner\">\n\t\t\t\t<div class=\"elementor-element elementor-element-58e341c elementor-widget elementor-widget-heading\" data-id=\"58e341c\" data-element_type=\"widget\" data-e-type=\"widget\" data-widget_type=\"heading.default\">\n\t\t\t\t<div class=\"elementor-widget-container\">\n\t\t\t\t\t<h2 class=\"elementor-heading-title elementor-size-default\">Test de Ingl\u00e9s<\/h2>\t\t\t\t<\/div>\n\t\t\t\t<\/div>\n\t\t\t\t\t<\/div>\n\t\t\t\t<\/div>\n\t\t<div class=\"elementor-element elementor-element-5b80708 e-flex e-con-boxed e-con e-parent\" data-id=\"5b80708\" data-element_type=\"container\" data-e-type=\"container\">\n\t\t\t\t\t<div class=\"e-con-inner\">\n\t\t<div class=\"elementor-element elementor-element-e284fc9 e-con-full e-flex e-con e-child\" data-id=\"e284fc9\" data-element_type=\"container\" data-e-type=\"container\">\n\t\t\t\t<div class=\"elementor-element elementor-element-5680f69 elementor-widget elementor-widget-text-editor\" data-id=\"5680f69\" data-element_type=\"widget\" data-e-type=\"widget\" data-widget_type=\"text-editor.default\">\n\t\t\t\t<div class=\"elementor-widget-container\">\n\t\t\t\t\t\t\t\t\t<p>The Gled Test of English es\u00a0 test un ingl\u00e9s general, r\u00e1pido y 100% on line que podr\u00e1n usar tanto en forma personal como una opci\u00f3n educativa sin costo y que les permitir\u00e1 graduar conocimientos desde A1 hasta B2 acorde MCRE.<\/p><p><strong>El test tiene una duraci\u00f3n m\u00e1xima de 15 a 20\u00a0 minutos y se compone de dos tres que permiten evaluar las habilidades de idioma<\/strong><\/p><p>Parte 1.- Compresi\u00f3n y vocabulario (Vocabulary)<\/p><p>Parte 2.- Lectura y comprensi\u00f3n (Reading)<\/p><p>Parte 3.- Comprensi\u00f3n auditiva \u00a0 (Listening)<\/p>\t\t\t\t\t\t\t\t<\/div>\n\t\t\t\t<\/div>\n\t\t\t\t<\/div>\n\t\t<div class=\"elementor-element elementor-element-f9f4e08 e-con-full e-flex e-con e-child\" data-id=\"f9f4e08\" data-element_type=\"container\" data-e-type=\"container\">\n\t\t\t\t<div class=\"elementor-element elementor-element-f49405f elementor-widget elementor-widget-image\" data-id=\"f49405f\" data-element_type=\"widget\" data-e-type=\"widget\" data-widget_type=\"image.default\">\n\t\t\t\t<div class=\"elementor-widget-container\">\n\t\t\t\t\t\t\t\t\t\t\t\t\t\t\t<img fetchpriority=\"high\" decoding=\"async\" width=\"500\" height=\"300\" src=\"https:\/\/gledcorp.com\/ec\/wp-content\/uploads\/sites\/11\/2024\/07\/image-4-1.webp\" class=\"attachment-medium_large size-medium_large wp-image-764\" alt=\"\" srcset=\"https:\/\/gledcorp.com\/ec\/wp-content\/uploads\/sites\/11\/2024\/07\/image-4-1.webp 500w, https:\/\/gledcorp.com\/ec\/wp-content\/uploads\/sites\/11\/2024\/07\/image-4-1-300x180.webp 300w\" sizes=\"(max-width: 500px) 100vw, 500px\" \/>\t\t\t\t\t\t\t\t\t\t\t\t\t\t\t<\/div>\n\t\t\t\t<\/div>\n\t\t\t\t<\/div>\n\t\t\t\t\t<\/div>\n\t\t\t\t<\/div>\n\t\t<div class=\"elementor-element elementor-element-260480d e-flex e-con-boxed e-con e-parent\" data-id=\"260480d\" data-element_type=\"container\" data-e-type=\"container\">\n\t\t\t\t\t<div class=\"e-con-inner\">\n\t\t\t\t<div class=\"elementor-element elementor-element-5419135 elementor-widget elementor-widget-html\" data-id=\"5419135\" data-element_type=\"widget\" data-e-type=\"widget\" data-widget_type=\"html.default\">\n\t\t\t\t<div class=\"elementor-widget-container\">\n\t\t\t\t\tCargando\u2026\t\t\t\t<\/div>\n\t\t\t\t<\/div>\n\t\t\t\t\t<\/div>\n\t\t\t\t<\/div>\n\t\t<div class=\"elementor-element elementor-element-fed1c3b e-flex e-con-boxed e-con e-parent\" data-id=\"fed1c3b\" data-element_type=\"container\" data-e-type=\"container\">\n\t\t\t\t\t<div class=\"e-con-inner\">\n\t\t\t\t<div class=\"elementor-element elementor-element-8c0e58b elementor-widget elementor-widget-html\" data-id=\"8c0e58b\" data-element_type=\"widget\" data-e-type=\"widget\" data-widget_type=\"html.default\">\n\t\t\t\t<div class=\"elementor-widget-container\">\n\t\t\t\t\tCargando\u2026\t\t\t\t<\/div>\n\t\t\t\t<\/div>\n\t\t\t\t\t<\/div>\n\t\t\t\t<\/div>\n\t\t\t\t<\/div>\n\t\t","protected":false},"excerpt":{"rendered":"<p>Test de Ingl\u00e9s The Gled Test of English es\u00a0 test un ingl\u00e9s general, r\u00e1pido y 100% on line que podr\u00e1n usar tanto en forma personal como una opci\u00f3n educativa sin costo y que les permitir\u00e1 graduar conocimientos desde A1 hasta B2 acorde MCRE. El test tiene una duraci\u00f3n m\u00e1xima de 15 a 20\u00a0 minutos y [&hellip;]<\/p>\n","protected":false},"author":1,"featured_media":0,"parent":0,"menu_order":0,"comment_status":"closed","ping_status":"closed","template":"template-page-full.php","meta":{"footnotes":""},"class_list":["post-821","page","type-page","status-publish","hentry"],"_links":{"self":[{"href":"https:\/\/gledcorp.com\/ec\/wp-json\/wp\/v2\/pages\/821","targetHints":{"allow":["GET"]}}],"collection":[{"href":"https:\/\/gledcorp.com\/ec\/wp-json\/wp\/v2\/pages"}],"about":[{"href":"https:\/\/gledcorp.com\/ec\/wp-json\/wp\/v2\/types\/page"}],"author":[{"embeddable":true,"href":"https:\/\/gledcorp.com\/ec\/wp-json\/wp\/v2\/users\/1"}],"replies":[{"embeddable":true,"href":"https:\/\/gledcorp.com\/ec\/wp-json\/wp\/v2\/comments?post=821"}],"version-history":[{"count":51,"href":"https:\/\/gledcorp.com\/ec\/wp-json\/wp\/v2\/pages\/821\/revisions"}],"predecessor-version":[{"id":6655,"href":"https:\/\/gledcorp.com\/ec\/wp-json\/wp\/v2\/pages\/821\/revisions\/6655"}],"wp:attachment":[{"href":"https:\/\/gledcorp.com\/ec\/wp-json\/wp\/v2\/media?parent=821"}],"curies":[{"name":"wp","href":"https:\/\/api.w.org\/{rel}","templated":true}]}}